{"id":44,"date":"2023-01-25T16:05:25","date_gmt":"2023-01-25T15:05:25","guid":{"rendered":"https:\/\/isi.cnrs.fr\/?page_id=44"},"modified":"2025-04-02T11:00:06","modified_gmt":"2025-04-02T09:00:06","slug":"vie-du-reseau","status":"publish","type":"page","link":"https:\/\/isi.cnrs.fr\/?page_id=44","title":{"rendered":"Vie du R\u00e9seau"},"content":{"rendered":"\n<p><strong>PILOTAGE DU R\u00c9SEAU<\/strong><\/p>\n\n\n\n<p>Un comit\u00e9 de pilotage (CoPil) animera ce r\u00e9seau. Le CoPil est constitu\u00e9 de 6 personnes, pour moiti\u00e9 membres de l\u2019IN2P3 et pour moiti\u00e9 membres de l\u2019INSU. Le choix des membres du CoPil est bas\u00e9 sur la bonne volont\u00e9 des membres du r\u00e9seau et valid\u00e9 par les DAT de chaque institut. Il n\u2019y a pas de dur\u00e9e de mandat d\u00e9fini.<\/p>\n\n\n\n<p>Un des membres du CoPil est choisi comme repr\u00e9sentant et sera l\u2019interlocuteur privil\u00e9gi\u00e9 des directions adjointes techniques d\u2019instituts.<\/p>\n\n\n\n<p>Les membres actuels du comit\u00e9 de pilotage du r\u00e9seau sont : <\/p>\n\n\n\n<ul class=\"wp-block-list\">\n<li>Tristan Buey (LIRA-Observatoire de Paris, INSU)<\/li>\n\n\n\n<li>Anne Costille (LAM, INSU)<\/li>\n\n\n\n<li>Myriam Rodrigues (UNIDIA-Observatoire de Paris, INSU)<\/li>\n\n\n\n<li>Joseph Martino (APC, IN2P3)<\/li>\n\n\n\n<li>Damien Pailot (APC, IN2P3)<\/li>\n\n\n\n<li>Julie Prast (LAPP, IN2P3)<\/li>\n<\/ul>\n\n\n\n<p><strong>FONCTIONNEMENT DU R\u00c9SEAU<\/strong><\/p>\n\n\n\n<p>Les travaux du r\u00e9seau sont aliment\u00e9s par des demandes \u00e9manant des laboratoires, de la direction des instituts, et des membres du r\u00e9seau.<\/p>\n\n\n\n<p>Pour r\u00e9pondre \u00e0 ces besoins, la demande est adress\u00e9e \u00e0 la liste de diffusion qui regroupe l\u2019ensemble des membres du r\u00e9seau (ris@services.cnrs.fr) ou au CoPil du r\u00e9seau (copilris@services.cnrs.fr). Suivant la complexit\u00e9 de la demande et son urgence, cette demande peut \u00eatre trait\u00e9e directement par un des membres du r\u00e9seau ou bien faire l\u2019objet d\u2019un groupe de travail. Ces groupes de travail peuvent faire appel \u00e0 des personnes qui ne font pas forc\u00e9ment partie du r\u00e9seau. Le groupe de travail est dissous une fois la demande trait\u00e9e, le r\u00e9sultat du traitement de la demande forme un livrable qui sera d\u00e9pos\u00e9 sur Atrium.<\/p>\n\n\n\n<p>Le r\u00e9seau se r\u00e9unit en pr\u00e9sentiel une fois par an en assembl\u00e9e g\u00e9n\u00e9rale. Il est pr\u00e9vu \u00e0 l\u2019ordre du jour de chaque r\u00e9union, au minimum, un point d\u2019informations g\u00e9n\u00e9rales, un point sur les formations susceptibles de concerner le r\u00e9seau, et un point d\u2019avancement des groupes de travail.<\/p>\n\n\n\n<p>Des rapports r\u00e9guliers sur les activit\u00e9s du r\u00e9seau sont effectu\u00e9s vers les DAT et les charg\u00e9s de mission &#8220;formation&#8221; et &#8220;comp\u00e9tence&#8221; (transmission des CR, rapport des groupes de travail, bilan des formations, remont\u00e9e des besoins des membres, etc)<\/p>\n\n\n\n<p><strong>ADHESION AU RESEAU<\/strong><\/p>\n\n\n\n<p>Toute personne faisant partie du personnel d\u2019un laboratoire de l\u2019IN2P3 ou de l\u2019INSU peut adh\u00e9rer au r\u00e9seau. Il n\u2019y a pas de condition sur le statut de la personne qui souhaite adh\u00e9rer&nbsp;: chercheur, ITA, enseignant-chercheur, ITRF, personnel permanent ou temporaire \u00e9tudiants en th\u00e8se ou apprentis. L\u2019adh\u00e9sion au r\u00e9seau suppose l\u2019acceptation de cette charte et de contribuer \u00e0 au moins un des objectifs du r\u00e9seau.<\/p>\n\n\n\n<p>Le r\u00e9seau est accessible \u00e0 des personnels d\u2019autres instituts en tant qu\u2019experts invit\u00e9s. Il est important que le panel des membres de ce r\u00e9seau soit aussi large que possible, de mani\u00e8re \u00e0 refl\u00e9ter la diversit\u00e9 des projets.<\/p>\n\n\n\n<p>L&#8217;inscription au r\u00e9seau se fait par simple demande \u00e0 l&#8217;adresse suivante : copilris@services.cnrs.fr<\/p>\n","protected":false},"excerpt":{"rendered":"<p>PILOTAGE DU R\u00c9SEAU Un comit\u00e9 de pilotage (CoPil) animera ce r\u00e9seau. Le CoPil est constitu\u00e9 de 6 personnes, pour moiti\u00e9 membres de l\u2019IN2P3 et pour moiti\u00e9 membres de l\u2019INSU. Le choix des membres du CoPil est bas\u00e9 sur la bonne volont\u00e9 des membres du r\u00e9seau et valid\u00e9 par les DAT de chaque institut. Il n\u2019y [&hellip;]<\/p>\n","protected":false},"author":2,"featured_media":0,"parent":0,"menu_order":0,"comment_status":"closed","ping_status":"closed","template":"","meta":{"ocean_post_layout":"","ocean_both_sidebars_style":"","ocean_both_sidebars_content_width":0,"ocean_both_sidebars_sidebars_width":0,"ocean_sidebar":"0","ocean_second_sidebar":"0","ocean_disable_margins":"enable","ocean_add_body_class":"","ocean_shortcode_before_top_bar":"","ocean_shortcode_after_top_bar":"","ocean_shortcode_before_header":"","ocean_shortcode_after_header":"","ocean_has_shortcode":"","ocean_shortcode_after_title":"","ocean_shortcode_before_footer_widgets":"","ocean_shortcode_after_footer_widgets":"","ocean_shortcode_before_footer_bottom":"","ocean_shortcode_after_footer_bottom":"","ocean_display_top_bar":"default","ocean_display_header":"default","ocean_header_style":"","ocean_center_header_left_menu":"0","ocean_custom_header_template":"0","ocean_custom_logo":0,"ocean_custom_retina_logo":0,"ocean_custom_logo_max_width":0,"ocean_custom_logo_tablet_max_width":0,"ocean_custom_logo_mobile_max_width":0,"ocean_custom_logo_max_height":0,"ocean_custom_logo_tablet_max_height":0,"ocean_custom_logo_mobile_max_height":0,"ocean_header_custom_menu":"0","ocean_menu_typo_font_family":"0","ocean_menu_typo_font_subset":"","ocean_menu_typo_font_size":0,"ocean_menu_typo_font_size_tablet":0,"ocean_menu_typo_font_size_mobile":0,"ocean_menu_typo_font_size_unit":"px","ocean_menu_typo_font_weight":"","ocean_menu_typo_font_weight_tablet":"","ocean_menu_typo_font_weight_mobile":"","ocean_menu_typo_transform":"","ocean_menu_typo_transform_tablet":"","ocean_menu_typo_transform_mobile":"","ocean_menu_typo_line_height":0,"ocean_menu_typo_line_height_tablet":0,"ocean_menu_typo_line_height_mobile":0,"ocean_menu_typo_line_height_unit":"","ocean_menu_typo_spacing":0,"ocean_menu_typo_spacing_tablet":0,"ocean_menu_typo_spacing_mobile":0,"ocean_menu_typo_spacing_unit":"","ocean_menu_link_color":"","ocean_menu_link_color_hover":"","ocean_menu_link_color_active":"","ocean_menu_link_background":"","ocean_menu_link_hover_background":"","ocean_menu_link_active_background":"","ocean_menu_social_links_bg":"","ocean_menu_social_hover_links_bg":"","ocean_menu_social_links_color":"","ocean_menu_social_hover_links_color":"","ocean_disable_title":"default","ocean_disable_heading":"default","ocean_post_title":"","ocean_post_subheading":"","ocean_post_title_style":"","ocean_post_title_background_color":"","ocean_post_title_background":0,"ocean_post_title_bg_image_position":"","ocean_post_title_bg_image_attachment":"","ocean_post_title_bg_image_repeat":"","ocean_post_title_bg_image_size":"","ocean_post_title_height":0,"ocean_post_title_bg_overlay":0.5,"ocean_post_title_bg_overlay_color":"","ocean_disable_breadcrumbs":"default","ocean_breadcrumbs_color":"","ocean_breadcrumbs_separator_color":"","ocean_breadcrumbs_links_color":"","ocean_breadcrumbs_links_hover_color":"","ocean_display_footer_widgets":"default","ocean_display_footer_bottom":"default","ocean_custom_footer_template":"0","footnotes":""},"class_list":["post-44","page","type-page","status-publish","hentry","entry"],"_links":{"self":[{"href":"https:\/\/isi.cnrs.fr\/index.php?rest_route=\/wp\/v2\/pages\/44","targetHints":{"allow":["GET"]}}],"collection":[{"href":"https:\/\/isi.cnrs.fr\/index.php?rest_route=\/wp\/v2\/pages"}],"about":[{"href":"https:\/\/isi.cnrs.fr\/index.php?rest_route=\/wp\/v2\/types\/page"}],"author":[{"embeddable":true,"href":"https:\/\/isi.cnrs.fr\/index.php?rest_route=\/wp\/v2\/users\/2"}],"replies":[{"embeddable":true,"href":"https:\/\/isi.cnrs.fr\/index.php?rest_route=%2Fwp%2Fv2%2Fcomments&post=44"}],"version-history":[{"count":4,"href":"https:\/\/isi.cnrs.fr\/index.php?rest_route=\/wp\/v2\/pages\/44\/revisions"}],"predecessor-version":[{"id":176,"href":"https:\/\/isi.cnrs.fr\/index.php?rest_route=\/wp\/v2\/pages\/44\/revisions\/176"}],"wp:attachment":[{"href":"https:\/\/isi.cnrs.fr\/index.php?rest_route=%2Fwp%2Fv2%2Fmedia&parent=44"}],"curies":[{"name":"wp","href":"https:\/\/api.w.org\/{rel}","templated":true}]}}