{"id":19,"date":"2023-01-25T15:59:58","date_gmt":"2023-01-25T14:59:58","guid":{"rendered":"https:\/\/isi.cnrs.fr\/?page_id=19"},"modified":"2023-01-25T15:59:58","modified_gmt":"2023-01-25T14:59:58","slug":"a-propos","status":"publish","type":"page","link":"https:\/\/isi.cnrs.fr\/?page_id=19","title":{"rendered":"A propos"},"content":{"rendered":"\n<p><strong>POURQUOI CR\u00c9ER CE R\u00c9SEAU ?<\/strong><\/p>\n\n\n\n<p>Les laboratoires de l\u2019IN2P3 et de l\u2019INSU sont impliqu\u00e9s dans des projets qui sont de plus en plus ambitieux, que ce soit du point de vue scientifique, technique ou organisationnel. Le m\u00e9tier d&#8217;ing\u00e9nieur syst\u00e8me qui devient essentiel dans nos projets d\u2019envergure n\u00e9cessite de se d\u00e9velopper davantage. Peu enseign\u00e9 dans les formations initiales et encore assez m\u00e9connu jusqu\u2019\u00e0 peu dans nos instituts et parfois encore r\u00e9parti entre plusieurs personnes (physicien instrumentaliste, chef de projet, experts m\u00e9tier\u2026) il n\u00e9cessite un support sp\u00e9cifique.<\/p>\n\n\n\n<p>Les ing\u00e9nieurs syst\u00e8mes, souvent experts m\u00e9tier \u00e0 l\u2019origine, se retrouvent confront\u00e9s \u00e0 une r\u00e9alit\u00e9, o\u00f9 les techniques et outils sont encore parfois peu connus et formalis\u00e9s. Ce manque peut aboutir \u00e0 cr\u00e9er ses propres m\u00e9thodes, pas forc\u00e9ment optimales, avec perte de temps associ\u00e9e et duplication inutile des efforts.<\/p>\n\n\n\n<p>Avec le management et la qualit\u00e9, l\u2019ing\u00e9nierie syst\u00e8me constitue les trois piliers du d\u00e9veloppement projet.<\/p>\n\n\n\n<p>La mise en place d\u2019un r\u00e9seau d\u2019experts vise \u00e0 diffuser la culture syst\u00e8me dans les laboratoires et accompagner les ing\u00e9nieurs qui en feraient la demande.<\/p>\n\n\n\n<p><strong>OBJECTIFS DU R\u00c9SEAU<\/strong><\/p>\n\n\n\n<p>&nbsp;Ce r\u00e9seau a sept objectifs principaux :<\/p>\n\n\n\n<p>Objectif z\u00e9ro&nbsp;: \u00e9laborer une d\u00e9finition \/ description du m\u00e9tier d\u2019ing\u00e9nieur syst\u00e8me<\/p>\n\n\n\n<p>1<sup>er<\/sup> objectif : Diffuser la culture syst\u00e8me : faire conna\u00eetre le m\u00e9tier d&#8217;ing\u00e9nieur syst\u00e8me et le structurer.<\/p>\n\n\n\n<p>2<sup>\u00e8me<\/sup> objectif : Mettre en relation les ing\u00e9nieurs syst\u00e8mes des diff\u00e9rents laboratoires de l\u2019IN2P3 et de l\u2019INSU.<\/p>\n\n\n\n<p>3eme objectif : Apporter un conseil et un support d\u2019expertise aux projets demandeurs (assistance technique sur des cas concrets en cours de montage).<\/p>\n\n\n\n<p>4eme objectif : Proposer en interaction avec les charg\u00e9s de mission formation de l\u2019IN2P3 et de l\u2019INSU des actions de formation : ANF, formations ponctuelles sur un th\u00e8me, &#8230;<\/p>\n\n\n\n<p>Ces formations peuvent \u00e9galement venir en support aux recommandations issues des prospectives IN2P3 et INSU.<\/p>\n\n\n\n<p>5\u00e8me objectif : contribuer \u00e0 l\u2019\u00e9laboration de documents \u00ab ing\u00e9nierie syst\u00e8me \u00bb des r\u00e9f\u00e9rentiels de projet IN2P3 et\/ou INSU<\/p>\n\n\n\n<p>6\u00e8me objectif : \u00e9laborer une \u00ab&nbsp;Bo\u00eete \u00e0 outils&nbsp;\u00bb de l\u2019ing\u00e9nieur syst\u00e8me (dont un \u00ab kit de survie \u00bb de d\u00e9marrage de projet)<\/p>\n\n\n\n<p>Le but est de couvrir l\u2019ensemble des activit\u00e9s d&#8217;ing\u00e9nierie syst\u00e8me, dont en particulier :<\/p>\n\n\n\n<ul class=\"wp-block-list\">\n<li>Support \u00e0 l\u2019analyse fonctionnelle et gestion des exigences<\/li>\n\n\n\n<li>Support pour les m\u00e9thodes et les outils de l&#8217;ing\u00e9nierie syst\u00e8me<\/li>\n\n\n\n<li>Support aux phases de v\u00e9rification et de coh\u00e9rence du syst\u00e8me<\/li>\n\n\n\n<li>Support \u00e0 l\u2019analyse des interfaces<\/li>\n<\/ul>\n\n\n\n<p>Ce r\u00e9seau travaille en interaction avec les r\u00e9seaux qualit\u00e9 &amp; management de projet de l\u2019IN2P3 et de l\u2019INSU.<\/p>\n\n\n\n<p><strong>BENEFICES ATTENDUS<\/strong><\/p>\n\n\n\n<p>Le conseil, les outils, le partage et les retours d\u2019exp\u00e9rience permettront :<\/p>\n\n\n\n<ul class=\"wp-block-list\">\n<li>Aux <strong>\u00e9quipes projet<\/strong> d\u2019avoir une gestion optimis\u00e9e de leur projet.<\/li>\n\n\n\n<li>D\u2019am\u00e9liorer et rendre plus coh\u00e9rentes nos pratiques, ce qui augmentera notre visibilit\u00e9 dans les <strong>collaborations scientifiques<\/strong> et pourra b\u00e9n\u00e9ficier \u00e0 nos partenaires.<\/li>\n\n\n\n<li>Aux l\u2019<strong>instituts<\/strong> de promouvoir l&#8217;organisation projet autour du triptyque Management, Syst\u00e8me, Qualit\u00e9.&nbsp;<\/li>\n\n\n\n<li>Aux <strong>agences nationales et internationales<\/strong> d\u2019avoir une plus grande confiance dans le potentiel de nos \u00e9quipes pour mener \u00e0 bien les projets.<\/li>\n<\/ul>\n","protected":false},"excerpt":{"rendered":"<p>POURQUOI CR\u00c9ER CE R\u00c9SEAU ? Les laboratoires de l\u2019IN2P3 et de l\u2019INSU sont impliqu\u00e9s dans des projets qui sont de plus en plus ambitieux, que ce soit du point de vue scientifique, technique ou organisationnel. Le m\u00e9tier d&#8217;ing\u00e9nieur syst\u00e8me qui devient essentiel dans nos projets d\u2019envergure n\u00e9cessite de se d\u00e9velopper davantage. Peu enseign\u00e9 dans les [&hellip;]<\/p>\n","protected":false},"author":2,"featured_media":0,"parent":17,"menu_order":1,"comment_status":"closed","ping_status":"closed","template":"","meta":{"ocean_post_layout":"","ocean_both_sidebars_style":"","ocean_both_sidebars_content_width":0,"ocean_both_sidebars_sidebars_width":0,"ocean_sidebar":"0","ocean_second_sidebar":"0","ocean_disable_margins":"enable","ocean_add_body_class":"","ocean_shortcode_before_top_bar":"","ocean_shortcode_after_top_bar":"","ocean_shortcode_before_header":"","ocean_shortcode_after_header":"","ocean_has_shortcode":"","ocean_shortcode_after_title":"","ocean_shortcode_before_footer_widgets":"","ocean_shortcode_after_footer_widgets":"","ocean_shortcode_before_footer_bottom":"","ocean_shortcode_after_footer_bottom":"","ocean_display_top_bar":"default","ocean_display_header":"default","ocean_header_style":"","ocean_center_header_left_menu":"0","ocean_custom_header_template":"0","ocean_custom_logo":0,"ocean_custom_retina_logo":0,"ocean_custom_logo_max_width":0,"ocean_custom_logo_tablet_max_width":0,"ocean_custom_logo_mobile_max_width":0,"ocean_custom_logo_max_height":0,"ocean_custom_logo_tablet_max_height":0,"ocean_custom_logo_mobile_max_height":0,"ocean_header_custom_menu":"0","ocean_menu_typo_font_family":"0","ocean_menu_typo_font_subset":"","ocean_menu_typo_font_size":0,"ocean_menu_typo_font_size_tablet":0,"ocean_menu_typo_font_size_mobile":0,"ocean_menu_typo_font_size_unit":"px","ocean_menu_typo_font_weight":"","ocean_menu_typo_font_weight_tablet":"","ocean_menu_typo_font_weight_mobile":"","ocean_menu_typo_transform":"","ocean_menu_typo_transform_tablet":"","ocean_menu_typo_transform_mobile":"","ocean_menu_typo_line_height":0,"ocean_menu_typo_line_height_tablet":0,"ocean_menu_typo_line_height_mobile":0,"ocean_menu_typo_line_height_unit":"","ocean_menu_typo_spacing":0,"ocean_menu_typo_spacing_tablet":0,"ocean_menu_typo_spacing_mobile":0,"ocean_menu_typo_spacing_unit":"","ocean_menu_link_color":"","ocean_menu_link_color_hover":"","ocean_menu_link_color_active":"","ocean_menu_link_background":"","ocean_menu_link_hover_background":"","ocean_menu_link_active_background":"","ocean_menu_social_links_bg":"","ocean_menu_social_hover_links_bg":"","ocean_menu_social_links_color":"","ocean_menu_social_hover_links_color":"","ocean_disable_title":"default","ocean_disable_heading":"default","ocean_post_title":"","ocean_post_subheading":"","ocean_post_title_style":"","ocean_post_title_background_color":"","ocean_post_title_background":0,"ocean_post_title_bg_image_position":"","ocean_post_title_bg_image_attachment":"","ocean_post_title_bg_image_repeat":"","ocean_post_title_bg_image_size":"","ocean_post_title_height":0,"ocean_post_title_bg_overlay":0.5,"ocean_post_title_bg_overlay_color":"","ocean_disable_breadcrumbs":"default","ocean_breadcrumbs_color":"","ocean_breadcrumbs_separator_color":"","ocean_breadcrumbs_links_color":"","ocean_breadcrumbs_links_hover_color":"","ocean_display_footer_widgets":"default","ocean_display_footer_bottom":"default","ocean_custom_footer_template":"0","footnotes":""},"class_list":["post-19","page","type-page","status-publish","hentry","entry"],"_links":{"self":[{"href":"https:\/\/isi.cnrs.fr\/index.php?rest_route=\/wp\/v2\/pages\/19","targetHints":{"allow":["GET"]}}],"collection":[{"href":"https:\/\/isi.cnrs.fr\/index.php?rest_route=\/wp\/v2\/pages"}],"about":[{"href":"https:\/\/isi.cnrs.fr\/index.php?rest_route=\/wp\/v2\/types\/page"}],"author":[{"embeddable":true,"href":"https:\/\/isi.cnrs.fr\/index.php?rest_route=\/wp\/v2\/users\/2"}],"replies":[{"embeddable":true,"href":"https:\/\/isi.cnrs.fr\/index.php?rest_route=%2Fwp%2Fv2%2Fcomments&post=19"}],"version-history":[{"count":5,"href":"https:\/\/isi.cnrs.fr\/index.php?rest_route=\/wp\/v2\/pages\/19\/revisions"}],"predecessor-version":[{"id":42,"href":"https:\/\/isi.cnrs.fr\/index.php?rest_route=\/wp\/v2\/pages\/19\/revisions\/42"}],"up":[{"embeddable":true,"href":"https:\/\/isi.cnrs.fr\/index.php?rest_route=\/wp\/v2\/pages\/17"}],"wp:attachment":[{"href":"https:\/\/isi.cnrs.fr\/index.php?rest_route=%2Fwp%2Fv2%2Fmedia&parent=19"}],"curies":[{"name":"wp","href":"https:\/\/api.w.org\/{rel}","templated":true}]}}