{"id":17,"date":"2023-01-16T17:34:05","date_gmt":"2023-01-16T16:34:05","guid":{"rendered":"https:\/\/isi.cnrs.fr\/?page_id=17"},"modified":"2023-12-13T16:37:17","modified_gmt":"2023-12-13T15:37:17","slug":"a-propos-de","status":"publish","type":"page","link":"https:\/\/isi.cnrs.fr\/","title":{"rendered":"Accueil"},"content":{"rendered":"\n<p class=\"has-x-large-font-size\"><strong>Le r\u00e9seau ISI<\/strong><\/p>\n\n\n\n<p>Bienvenue sur le site du r\u00e9seau Ing\u00e9nierie Syst\u00e8me pour l&#8217;instrumentation (ISI).<\/p>\n\n\n\n<p>Le r\u00e9seau&nbsp;<strong>ISI <\/strong>vise \u00e0 <strong>favoriser les \u00e9changes entre les personnels des laboratoires de l\u2019Institut National des Sciences de l\u2019Univers (<a rel=\"noreferrer noopener\" href=\"http:\/\/www.insu.cnrs.fr\/\" target=\"_blank\">INSU<\/a>) et l&#8217;Institut National de Physique Nucl\u00e9aire et de Physique des Particules (<a href=\"https:\/\/www.in2p3.cnrs.fr\/fr\">IN2P3<\/a>) du <a rel=\"noreferrer noopener\" href=\"http:\/\/www.cnrs.fr\/\" target=\"_blank\">CNRS<\/a>, <\/strong>en charge de l&#8217;ing\u00e9nierie syst\u00e8me de projets ou souhaitant mettre en place une approche syst\u00e8me.<\/p>\n\n\n\n<p>A ce jour le r\u00e9seau compte plus de 80 membres provenant de plusieurs unit\u00e9s de l\u2019INSU et de l&#8217;IN2P3 r\u00e9parties en France. <\/p>\n\n\n\n<p><strong>Vous \u00eates responsable technique ou responsable scientifique<\/strong> :<br>rejoignez le r\u00e9seau pour nous faire part de votre propre exp\u00e9rience, de vos pratiques, de vos pr\u00e9occupations et participer ainsi \u00e0 la mise en commun des exp\u00e9riences, pr\u00e9lude au partage de solutions et d\u2019outils.<\/p>\n\n\n\n<p>Pour vous inscrire : <a href=\"copilris@services.cnrs.fr\">copilris@services.cnrs.fr<\/a><\/p>\n\n\n\n<p>Pour tout compl\u00e9ment d\u2019information, n\u2019h\u00e9sitez pas \u00e0 contacter le <a href=\"copilris@services.cnrs.fr\">Comit\u00e9 de Pilotage<\/a>.<\/p>\n","protected":false},"excerpt":{"rendered":"<p>Le r\u00e9seau ISI Bienvenue sur le site du r\u00e9seau Ing\u00e9nierie Syst\u00e8me pour l&#8217;instrumentation (ISI). Le r\u00e9seau&nbsp;ISI vise \u00e0 favoriser les \u00e9changes entre les personnels des laboratoires de l\u2019Institut National des Sciences de l\u2019Univers (INSU) et l&#8217;Institut National de Physique Nucl\u00e9aire et de Physique des Particules (IN2P3) du CNRS, en charge de l&#8217;ing\u00e9nierie syst\u00e8me de projets [&hellip;]<\/p>\n","protected":false},"author":2,"featured_media":0,"parent":0,"menu_order":0,"comment_status":"closed","ping_status":"closed","template":"","meta":{"ocean_post_layout":"","ocean_both_sidebars_style":"","ocean_both_sidebars_content_width":0,"ocean_both_sidebars_sidebars_width":0,"ocean_sidebar":"0","ocean_second_sidebar":"0","ocean_disable_margins":"enable","ocean_add_body_class":"","ocean_shortcode_before_top_bar":"","ocean_shortcode_after_top_bar":"","ocean_shortcode_before_header":"","ocean_shortcode_after_header":"","ocean_has_shortcode":"","ocean_shortcode_after_title":"","ocean_shortcode_before_footer_widgets":"","ocean_shortcode_after_footer_widgets":"","ocean_shortcode_before_footer_bottom":"","ocean_shortcode_after_footer_bottom":"","ocean_display_top_bar":"default","ocean_display_header":"default","ocean_header_style":"","ocean_center_header_left_menu":"0","ocean_custom_header_template":"0","ocean_custom_logo":0,"ocean_custom_retina_logo":0,"ocean_custom_logo_max_width":0,"ocean_custom_logo_tablet_max_width":0,"ocean_custom_logo_mobile_max_width":0,"ocean_custom_logo_max_height":0,"ocean_custom_logo_tablet_max_height":0,"ocean_custom_logo_mobile_max_height":0,"ocean_header_custom_menu":"0","ocean_menu_typo_font_family":"0","ocean_menu_typo_font_subset":"","ocean_menu_typo_font_size":0,"ocean_menu_typo_font_size_tablet":0,"ocean_menu_typo_font_size_mobile":0,"ocean_menu_typo_font_size_unit":"px","ocean_menu_typo_font_weight":"","ocean_menu_typo_font_weight_tablet":"","ocean_menu_typo_font_weight_mobile":"","ocean_menu_typo_transform":"","ocean_menu_typo_transform_tablet":"","ocean_menu_typo_transform_mobile":"","ocean_menu_typo_line_height":0,"ocean_menu_typo_line_height_tablet":0,"ocean_menu_typo_line_height_mobile":0,"ocean_menu_typo_line_height_unit":"","ocean_menu_typo_spacing":0,"ocean_menu_typo_spacing_tablet":0,"ocean_menu_typo_spacing_mobile":0,"ocean_menu_typo_spacing_unit":"","ocean_menu_link_color":"","ocean_menu_link_color_hover":"","ocean_menu_link_color_active":"","ocean_menu_link_background":"","ocean_menu_link_hover_background":"","ocean_menu_link_active_background":"","ocean_menu_social_links_bg":"","ocean_menu_social_hover_links_bg":"","ocean_menu_social_links_color":"","ocean_menu_social_hover_links_color":"","ocean_disable_title":"default","ocean_disable_heading":"default","ocean_post_title":"","ocean_post_subheading":"","ocean_post_title_style":"","ocean_post_title_background_color":"","ocean_post_title_background":0,"ocean_post_title_bg_image_position":"","ocean_post_title_bg_image_attachment":"","ocean_post_title_bg_image_repeat":"","ocean_post_title_bg_image_size":"","ocean_post_title_height":0,"ocean_post_title_bg_overlay":0.5,"ocean_post_title_bg_overlay_color":"","ocean_disable_breadcrumbs":"default","ocean_breadcrumbs_color":"","ocean_breadcrumbs_separator_color":"","ocean_breadcrumbs_links_color":"","ocean_breadcrumbs_links_hover_color":"","ocean_display_footer_widgets":"default","ocean_display_footer_bottom":"default","ocean_custom_footer_template":"0","footnotes":""},"class_list":["post-17","page","type-page","status-publish","hentry","entry"],"_links":{"self":[{"href":"https:\/\/isi.cnrs.fr\/index.php?rest_route=\/wp\/v2\/pages\/17","targetHints":{"allow":["GET"]}}],"collection":[{"href":"https:\/\/isi.cnrs.fr\/index.php?rest_route=\/wp\/v2\/pages"}],"about":[{"href":"https:\/\/isi.cnrs.fr\/index.php?rest_route=\/wp\/v2\/types\/page"}],"author":[{"embeddable":true,"href":"https:\/\/isi.cnrs.fr\/index.php?rest_route=\/wp\/v2\/users\/2"}],"replies":[{"embeddable":true,"href":"https:\/\/isi.cnrs.fr\/index.php?rest_route=%2Fwp%2Fv2%2Fcomments&post=17"}],"version-history":[{"count":4,"href":"https:\/\/isi.cnrs.fr\/index.php?rest_route=\/wp\/v2\/pages\/17\/revisions"}],"predecessor-version":[{"id":162,"href":"https:\/\/isi.cnrs.fr\/index.php?rest_route=\/wp\/v2\/pages\/17\/revisions\/162"}],"wp:attachment":[{"href":"https:\/\/isi.cnrs.fr\/index.php?rest_route=%2Fwp%2Fv2%2Fmedia&parent=17"}],"curies":[{"name":"wp","href":"https:\/\/api.w.org\/{rel}","templated":true}]}}